{"id":39,"date":"2023-01-16T13:14:25","date_gmt":"2023-01-16T13:14:25","guid":{"rendered":"https:\/\/laketrekgokyo.com\/about-us\/"},"modified":"2024-12-06T12:08:05","modified_gmt":"2024-12-06T12:08:05","slug":"o-nas","status":"publish","type":"page","link":"https:\/\/laketrekgokyo.com\/cs\/o-nas\/","title":{"rendered":"O n\u00e1s"},"content":{"rendered":"<p>Svou kari\u00e9ru v cestovn\u00edm ruchu jsem za\u010dal ve sv\u00fdch dvaceti letech jako cestovn\u00ed poradce. Jako&nbsp;<strong>30let\u00fd veter\u00e1n cestovn\u00edho ruchu<\/strong>, vynik\u00e1m sv\u00fdmi jedine\u010dn\u00fdmi technikami a dovednostmi v oboru. Dr\u017e\u00edm titul&nbsp;<strong>z\u00e1konn\u00e1 licence pro pr\u016fvodce na t\u00far\u00e1ch&nbsp;<\/strong>z NATHAM (National Academy of Tourism and Hotel Management) se m\u016fj z\u00e1jem zm\u011bnil ve v\u00e1\u0161e\u0148.<\/p>\n\n\n\n<figure class=\"wp-block-image size-large\"><img decoding=\"async\" src=\"https:\/\/laketrekgokyo.com\/wp-content\/uploads\/rear-view-of-tourist-while-trekking-to-everest-base-camp-in-nepal-stockpack-adobe-stock-1024x681.webp\" alt=\"Pohled zezadu na turistu p\u0159i treku do z\u00e1kladn\u00edho t\u00e1bora Everestu v Nep\u00e1lu.\" class=\"wp-image-704\"\/><figcaption class=\"wp-element-caption\">Na treku od Gokijsk\u00fdch jezer k EBC na v\u00e1s \u010dekaj\u00ed nov\u00e9 v\u00fdzvy <\/figcaption><\/figure>\n\n\n\n<p>Jako dr\u017eitelka vysoko\u0161kolsk\u00e9ho titulu jsem v tomto oboru za kr\u00e1tkou dobu dosahovala jednoho \u00fasp\u011bchu za druh\u00fdm. Jsem&nbsp;<strong>specialista na zn\u00e1m\u00e9 turistick\u00e9 destinace v Nep\u00e1lu&nbsp;<\/strong>jako je oblast Annapurny, oblast Everestu a dal\u0161\u00ed trekov\u00e9 oblasti.<\/p>\n\n\n\n<p>B\u011bhem 17 dn\u00ed projdete hust\u00fdmi lesy, p\u0159ejdete visut\u00e9 mosty p\u0159es \u0159eku Dudh Koshi, <strong>pozn\u00e1v\u00e1n\u00ed \u0161erpsk\u00fdch vesnic s bohatou kulturou<\/strong>a vystoupat na \u00fachvatn\u00e9 vyhl\u00eddky, jako je nap\u0159. <strong>Gokyo Ri<\/strong>. Klidn\u00fd tyrkysov\u00fd<strong> Gokijsk\u00e1 jezera<\/strong> a ru\u0161n\u00e1 stanov\u00e1 vesnice <strong>Z\u00e1kladn\u00ed t\u00e1bor Everestu<\/strong> jsou jen n\u011bkter\u00e9 z nejzaj\u00edmav\u011bj\u0161\u00edch akc\u00ed, kter\u00e9 na v\u00e1s \u010dekaj\u00ed.<\/p>\n\n\n\n<p>Trek odhaluje \u00fachvatn\u00e1 panoramata Him\u00e1laje, v\u010detn\u011b vysok\u00fdch vrchol\u016f hor. <strong>Everest, Lhotse, Makalu a Cho Oyu<\/strong>, a poskytuje d\u016fv\u011brn\u00fd pohled na kulturu a tradice \u0161erpsk\u00fdch komunit \u017eij\u00edc\u00edch v regionu.<\/p>\n\n\n\n<figure class=\"wp-block-image size-large\"><img decoding=\"async\" src=\"https:\/\/laketrekgokyo.com\/wp-content\/uploads\/hiking-in-the-himalayas-on-top-of-cho-la-pass-stockpack-adobe-stock-1024x683.webp\" alt=\"P\u011b\u0161\u00ed turistika v Him\u00e1laji, na vrcholu pr\u016fsmyku Cho la Pass\" class=\"wp-image-636\"\/><figcaption class=\"wp-element-caption\">V Him\u00e1laji je v\u0161echno dokonal\u00e9 jako obr\u00e1zek<\/figcaption><\/figure>\n\n\n\n<p>Stezka vede n\u00e1ro\u010dn\u00fdm ter\u00e9nem, jako je nap\u0159. <strong>Ledovec Ngozumpa <\/strong>a vysokohorsk\u00fd pr\u016fsmyk <strong>Cho La<\/strong>, odm\u011bny jsou skute\u010dn\u011b mimo\u0159\u00e1dn\u00e9. Od poklidn\u00e9 kr\u00e1sy Gokijsk\u00fdch jezer a\u017e po ru\u0161n\u00fd \u017eivot v z\u00e1kladn\u00edm t\u00e1bo\u0159e Everestu - tento trek nab\u00edz\u00ed jedine\u010dn\u00e9 z\u00e1\u017eitky, kter\u00e9 rezonuj\u00ed u milovn\u00edk\u016f dobrodru\u017estv\u00ed po cel\u00e9m sv\u011bt\u011b.<\/p>\n\n\n\n<p>\u0158\u00edd\u00ed se <strong>n\u00e1\u0161 zku\u0161en\u00fd t\u00fdm<\/strong>, kte\u0159\u00ed jsou dob\u0159e obezn\u00e1meni s m\u00edstn\u00edm ter\u00e9nem a kulturou, je tento trek navr\u017een tak, aby poskytoval nejen bezpe\u010dnost a pohodl\u00ed, ale tak\u00e9 autentick\u00fd a nezapomenuteln\u00fd him\u00e1lajsk\u00fd z\u00e1\u017eitek.<\/p>\n\n\n\n<p>Pod\u00edvejte se na <a href=\"https:\/\/laketrekgokyo.com\/cs\/\">n\u00e1\u0161 podrobn\u00fd itiner\u00e1\u0159<\/a> a p\u0159ipojte se k n\u00e1m na t\u00e9to nezapomenuteln\u00e9 cest\u011b, kde je ka\u017ed\u00fd krok nov\u00fdm objevem.<\/p>\n\n\n\n<p>Pokud hled\u00e1te dal\u0161\u00ed mo\u017enosti trekingu, pod\u00edvejte se na na\u0161e partnery:<\/p>\n\n\n\n<ul class=\"wp-block-list\">\n<li><a href=\"https:\/\/basecamptrekeverest.com\/\">Z\u00e1kladn\u00ed t\u00e1bor Trek Everest<\/a><\/li>\n\n\n\n<li><a href=\"https:\/\/basecamptrekannapurna.com\/\">Z\u00e1kladn\u00ed t\u00e1bor Trek Annapurna<\/a><\/li>\n\n\n\n<li><a href=\"https:\/\/circuittrekmanaslu.com\/\">Obvodov\u00fd trek Manaslu<\/a><\/li>\n<\/ul>\n\n\n\n<p>Pokud v\u0161ak chcete <strong>\u0161ir\u0161\u00ed nab\u00eddka p\u011b\u0161\u00edch t\u00far po cel\u00e9m sv\u011bt\u011b<\/strong> bez omezen\u00ed na jednu destinaci, m\u016f\u017eete s n\u00e1mi prozkoumat ka\u017ed\u00fd kout sv\u011bta na adrese <a href=\"https:\/\/hiking-tours.com\/\" target=\"_blank\" rel=\"noreferrer noopener\">P\u011b\u0161\u00ed t\u00fary<\/a>.<\/p>","protected":false},"excerpt":{"rendered":"<p>Svou kari\u00e9ru v cestovn\u00edm ruchu jsem za\u010dal ve sv\u00fdch dvaceti letech jako cestovn\u00ed poradce. Jako t\u0159icetilet\u00fd veter\u00e1n cestovn\u00edho ruchu vynik\u00e1m v oboru sv\u00fdmi jedine\u010dn\u00fdmi technikami a dovednostmi. Dr\u017een\u00ed leg\u00e1ln\u00ed licence pr\u016fvodce trekingu od NATHAM (N\u00e1rodn\u00ed akademie cestovn\u00edho ruchu a hotelnictv\u00ed) prom\u011bnilo m\u016fj z\u00e1jem ve v\u00e1\u0161e\u0148. Jako vysoko\u0161kolsky vzd\u011blan\u00fd ... <a href=\"https:\/\/laketrekgokyo.com\/cs\/o-nas\/\">Pokra\u010dov\u00e1n\u00ed<\/a><\/p>","protected":false},"author":40,"featured_media":631,"parent":0,"menu_order":0,"comment_status":"closed","ping_status":"closed","template":"template-about-us.blade.php","meta":{"_acf_changed":false,"footnotes":""},"class_list":["post-39","page","type-page","status-publish","has-post-thumbnail","hentry"],"acf":{"page_subheading":"Experience the Gokyo Lake Trek and Everest Base Camp with our expert team, unlocking Nepal's stunning beauty and thrilling Himalayan adventure."},"_links":{"self":[{"href":"https:\/\/laketrekgokyo.com\/cs\/wp-json\/wp\/v2\/pages\/39","targetHints":{"allow":["GET"]}}],"collection":[{"href":"https:\/\/laketrekgokyo.com\/cs\/wp-json\/wp\/v2\/pages"}],"about":[{"href":"https:\/\/laketrekgokyo.com\/cs\/wp-json\/wp\/v2\/types\/page"}],"author":[{"embeddable":true,"href":"https:\/\/laketrekgokyo.com\/cs\/wp-json\/wp\/v2\/users\/40"}],"replies":[{"embeddable":true,"href":"https:\/\/laketrekgokyo.com\/cs\/wp-json\/wp\/v2\/comments?post=39"}],"version-history":[{"count":17,"href":"https:\/\/laketrekgokyo.com\/cs\/wp-json\/wp\/v2\/pages\/39\/revisions"}],"predecessor-version":[{"id":6411,"href":"https:\/\/laketrekgokyo.com\/cs\/wp-json\/wp\/v2\/pages\/39\/revisions\/6411"}],"wp:featuredmedia":[{"embeddable":true,"href":"https:\/\/laketrekgokyo.com\/cs\/wp-json\/wp\/v2\/media\/631"}],"wp:attachment":[{"href":"https:\/\/laketrekgokyo.com\/cs\/wp-json\/wp\/v2\/media?parent=39"}],"curies":[{"name":"wp","href":"https:\/\/api.w.org\/{rel}","templated":true}]}}