{"id":39,"date":"2023-01-16T13:14:25","date_gmt":"2023-01-16T13:14:25","guid":{"rendered":"https:\/\/laketrekgokyo.com\/about-us\/"},"modified":"2024-12-06T12:08:05","modified_gmt":"2024-12-06T12:08:05","slug":"om-os","status":"publish","type":"page","link":"https:\/\/laketrekgokyo.com\/da\/om-os\/","title":{"rendered":"Om os"},"content":{"rendered":"<p>Jeg startede min turismekarriere i slutningen af tyverne som rejsekonsulent. Som&nbsp;<strong>30-\u00e5rig veteran inden for turisme<\/strong>Jeg skiller mig ud med mine unikke teknikker og f\u00e6rdigheder i branchen. Jeg har en&nbsp;<strong>lovlig licens som trekkingguide&nbsp;<\/strong>fra NATHAM (National Academy of Tourism and Hotel Management) har gjort min interesse til en passion.<\/p>\n\n\n\n<figure class=\"wp-block-image size-large\"><img decoding=\"async\" src=\"https:\/\/laketrekgokyo.com\/wp-content\/uploads\/rear-view-of-tourist-while-trekking-to-everest-base-camp-in-nepal-stockpack-adobe-stock-1024x681.webp\" alt=\"Turist set bagfra under trekking til Everest Base Camp i Nepal.\" class=\"wp-image-704\"\/><figcaption class=\"wp-element-caption\">Nye udfordringer venter p\u00e5 dig p\u00e5 trekket fra Gokyo-s\u00f8erne til EBC <\/figcaption><\/figure>\n\n\n\n<p>Som universitetsuddannet har jeg opn\u00e5et den ene succes efter den anden p\u00e5 kort tid i denne branche. Jeg er en&nbsp;<strong>specialist i ber\u00f8mte turistm\u00e5l i Nepal&nbsp;<\/strong>s\u00e5som Annapurna-regionen, Everest-regionen og andre trekking-regioner.<\/p>\n\n\n\n<p>I l\u00f8bet af 17 dage vil du krydse t\u00e6tte skove og h\u00e6ngebroer over Dudh Koshi-floden, <strong>udforske Sherpa-landsbyer, der er rige p\u00e5 kultur<\/strong>og stige op til betagende udsigtspunkter som <strong>Gokyo Ri<\/strong>. Den fredfyldte turkise<strong> Gokyo-s\u00f8erne<\/strong> og den travle teltlandsby <strong>Everest Base Camp<\/strong> er blot nogle af de h\u00f8jdepunkter, der venter.<\/p>\n\n\n\n<p>Trekket afsl\u00f8rer betagende panoramaer af Himalaya, inklusive de t\u00e5rnh\u00f8je toppe af <strong>Everest, Lhotse, Makalu og Cho Oyu<\/strong>og giver et intimt indblik i kulturen og traditionerne i de sherpa-samfund, der bor i regionen.<\/p>\n\n\n\n<figure class=\"wp-block-image size-large\"><img decoding=\"async\" src=\"https:\/\/laketrekgokyo.com\/wp-content\/uploads\/hiking-in-the-himalayas-on-top-of-cho-la-pass-stockpack-adobe-stock-1024x683.webp\" alt=\"Vandring i Himalaya, p\u00e5 toppen af Cho la-passet\" class=\"wp-image-636\"\/><figcaption class=\"wp-element-caption\">Alt i Himalaya er perfekt som i et billede<\/figcaption><\/figure>\n\n\n\n<p>Mens stien krydser udfordrende terr\u00e6ner, som f.eks. <strong>Ngozumpa-gletsjeren <\/strong>og det h\u00f8je bjergpas <strong>Cho La<\/strong>Men bel\u00f8nningen er virkelig ekstraordin\u00e6r. Fra den fredfyldte sk\u00f8nhed ved Gokyo-s\u00f8erne til det travle liv i Everest Base Camp tilbyder dette trek en enest\u00e5ende oplevelse, der v\u00e6kker genklang hos eventyrentusiaster over hele verden.<\/p>\n\n\n\n<p>Vejledt af <strong>vores meget erfarne team<\/strong>Trekket er designet til ikke kun at give sikkerhed og komfort, men ogs\u00e5 en autentisk og uforglemmelig oplevelse i Himalaya.<\/p>\n\n\n\n<p>Tjek ud <a href=\"https:\/\/laketrekgokyo.com\/da\/\">vores detaljerede rejseplan<\/a> og tag med os p\u00e5 denne uforglemmelige vej, hvor hvert skridt er en ny \u00e5benbaring.<\/p>\n\n\n\n<p>Hvis du er p\u00e5 udkig efter flere trekkingmuligheder, s\u00e5 tag et kig p\u00e5 vores partnere:<\/p>\n\n\n\n<ul class=\"wp-block-list\">\n<li><a href=\"https:\/\/basecamptrekeverest.com\/\">Base Camp Trek Everest<\/a><\/li>\n\n\n\n<li><a href=\"https:\/\/basecamptrekannapurna.com\/\">Base Camp Trek Annapurna<\/a><\/li>\n\n\n\n<li><a href=\"https:\/\/circuittrekmanaslu.com\/\">Circuit Trek Manaslu<\/a><\/li>\n<\/ul>\n\n\n\n<p>Men hvis du vil have en <strong>bredere udvalg af vandreture rundt om i verden<\/strong> uden at begr\u00e6nse dig til \u00e9n destination, kan du udforske alle hj\u00f8rner af verden med os p\u00e5 <a href=\"https:\/\/hiking-tours.com\/\" target=\"_blank\" rel=\"noreferrer noopener\">Vandreture<\/a>.<\/p>","protected":false},"excerpt":{"rendered":"<p>Jeg startede min karriere inden for turisme i slutningen af tyverne som rejsekonsulent. Som en 30-\u00e5rig turismeveteran skiller jeg mig ud med mine unikke teknikker og f\u00e6rdigheder i branchen. Jeg har en lovlig licens som trekkingguide fra NATHAM (National Academy of Tourism and Hotel Management), og det har gjort min interesse til en passion. Som universitetsuddannet ... <a href=\"https:\/\/laketrekgokyo.com\/da\/om-os\/\">Fortsat<\/a><\/p>","protected":false},"author":40,"featured_media":631,"parent":0,"menu_order":0,"comment_status":"closed","ping_status":"closed","template":"template-about-us.blade.php","meta":{"_acf_changed":false,"footnotes":""},"class_list":["post-39","page","type-page","status-publish","has-post-thumbnail","hentry"],"acf":{"page_subheading":"Experience the Gokyo Lake Trek and Everest Base Camp with our expert team, unlocking Nepal's stunning beauty and thrilling Himalayan adventure."},"_links":{"self":[{"href":"https:\/\/laketrekgokyo.com\/da\/wp-json\/wp\/v2\/pages\/39","targetHints":{"allow":["GET"]}}],"collection":[{"href":"https:\/\/laketrekgokyo.com\/da\/wp-json\/wp\/v2\/pages"}],"about":[{"href":"https:\/\/laketrekgokyo.com\/da\/wp-json\/wp\/v2\/types\/page"}],"author":[{"embeddable":true,"href":"https:\/\/laketrekgokyo.com\/da\/wp-json\/wp\/v2\/users\/40"}],"replies":[{"embeddable":true,"href":"https:\/\/laketrekgokyo.com\/da\/wp-json\/wp\/v2\/comments?post=39"}],"version-history":[{"count":17,"href":"https:\/\/laketrekgokyo.com\/da\/wp-json\/wp\/v2\/pages\/39\/revisions"}],"predecessor-version":[{"id":6411,"href":"https:\/\/laketrekgokyo.com\/da\/wp-json\/wp\/v2\/pages\/39\/revisions\/6411"}],"wp:featuredmedia":[{"embeddable":true,"href":"https:\/\/laketrekgokyo.com\/da\/wp-json\/wp\/v2\/media\/631"}],"wp:attachment":[{"href":"https:\/\/laketrekgokyo.com\/da\/wp-json\/wp\/v2\/media?parent=39"}],"curies":[{"name":"wp","href":"https:\/\/api.w.org\/{rel}","templated":true}]}}