{"id":39,"date":"2023-01-16T13:14:25","date_gmt":"2023-01-16T13:14:25","guid":{"rendered":"https:\/\/laketrekgokyo.com\/about-us\/"},"modified":"2024-12-06T12:08:05","modified_gmt":"2024-12-06T12:08:05","slug":"uber-uns","status":"publish","type":"page","link":"https:\/\/laketrekgokyo.com\/de\/uber-uns\/","title":{"rendered":"\u00dcber uns"},"content":{"rendered":"<p>Ich begann meine berufliche Laufbahn im Tourismus mit Ende zwanzig als Reiseberaterin. Als&nbsp;<strong>30-j\u00e4hriger Tourismus-Veteran<\/strong>Ich zeichne mich durch meine einzigartigen Techniken und F\u00e4higkeiten in der Branche aus. Ich halte eine&nbsp;<strong>legale Lizenz als Trekkingf\u00fchrer&nbsp;<\/strong>Das Studium an der NATHAM (National Academy of Tourism and Hotel Management) hat mein Interesse in eine Leidenschaft verwandelt.<\/p>\n\n\n\n<figure class=\"wp-block-image size-large\"><img decoding=\"async\" src=\"https:\/\/laketrekgokyo.com\/wp-content\/uploads\/rear-view-of-tourist-while-trekking-to-everest-base-camp-in-nepal-stockpack-adobe-stock-1024x681.webp\" alt=\"R\u00fcckansicht eines Touristen beim Trekking zum Everest Base Camp in Nepal.\" class=\"wp-image-704\"\/><figcaption class=\"wp-element-caption\">Neue Herausforderungen erwarten Sie auf dem Gokyo Lakes to EBC Trek <\/figcaption><\/figure>\n\n\n\n<p>Als Hochschulabsolvent habe ich in kurzer Zeit einen Erfolg nach dem anderen in dieser Branche erzielt. Ich bin ein&nbsp;<strong>Spezialist f\u00fcr ber\u00fchmte Reiseziele in Nepal&nbsp;<\/strong>wie die Annapurna-Region, die Everest-Region und andere Trekkingregionen.<\/p>\n\n\n\n<p>In 17 Tagen durchqueren Sie dichte W\u00e4lder und \u00fcberqueren H\u00e4ngebr\u00fccken \u00fcber den Fluss Dudh Koshi, <strong>Sherpa-D\u00f6rfer mit reicher Kultur erkunden<\/strong>und steigen Sie zu atemberaubenden Aussichtspunkten wie <strong>Gokyo Ri<\/strong>. Die heitere t\u00fcrkisfarbene<strong> Gokyo-Seen<\/strong> und das belebte Zeltdorf von <strong>Everest-Basislager<\/strong> sind nur einige der Highlights, die uns erwarten.<\/p>\n\n\n\n<p>Die Wanderung bietet atemberaubende Panoramen des Himalaya, darunter die hoch aufragenden Gipfel der <strong>Everest, Lhotse, Makalu und Cho Oyu<\/strong>und bietet einen intimen Einblick in die Kultur und die Traditionen der in der Region ans\u00e4ssigen Sherpa-Gemeinschaften.<\/p>\n\n\n\n<figure class=\"wp-block-image size-large\"><img decoding=\"async\" src=\"https:\/\/laketrekgokyo.com\/wp-content\/uploads\/hiking-in-the-himalayas-on-top-of-cho-la-pass-stockpack-adobe-stock-1024x683.webp\" alt=\"Wandern im Himalaya, auf der Spitze des Cho la Passes\" class=\"wp-image-636\"\/><figcaption class=\"wp-element-caption\">Im Himalaya ist alles wie im Bilderbuch<\/figcaption><\/figure>\n\n\n\n<p>Der Weg f\u00fchrt durch anspruchsvolles Terrain, wie zum Beispiel den <strong>Ngozumpa-Gletscher <\/strong>und der Hochgebirgspass von <strong>Cho La<\/strong>sind die Belohnungen wirklich au\u00dfergew\u00f6hnlich. Von der ruhigen Sch\u00f6nheit der Gokyo-Seen bis hin zum gesch\u00e4ftigen Treiben im Everest-Basislager bietet dieser Trek ein unvergleichliches Erlebnis, das Abenteuerbegeisterte auf der ganzen Welt anspricht.<\/p>\n\n\n\n<p>Geleitet von <strong>unser sehr erfahrenes Team<\/strong>Dieser Trek ist so konzipiert, dass er nicht nur Sicherheit und Komfort bietet, sondern auch eine authentische und unvergessliche Erfahrung im Himalaya.<\/p>\n\n\n\n<p>\u00dcberpr\u00fcfen Sie <a href=\"https:\/\/laketrekgokyo.com\/de\/\">unsere detaillierte Reiseroute<\/a> und begleiten Sie uns auf diesem unvergesslichen Weg, auf dem jeder Schritt eine neue Offenbarung ist.<\/p>\n\n\n\n<p>Wenn Sie auf der Suche nach weiteren Trekkingm\u00f6glichkeiten sind, schauen Sie sich unsere Partner an:<\/p>\n\n\n\n<ul class=\"wp-block-list\">\n<li><a href=\"https:\/\/basecamptrekeverest.com\/\">Basislager Trek Everest<\/a><\/li>\n\n\n\n<li><a href=\"https:\/\/basecamptrekannapurna.com\/\">Basislager Trek Annapurna<\/a><\/li>\n\n\n\n<li><a href=\"https:\/\/circuittrekmanaslu.com\/\">Rundwanderung Manaslu<\/a><\/li>\n<\/ul>\n\n\n\n<p>Wenn Sie jedoch eine <strong>breitere Auswahl an Wandertouren rund um den Globus<\/strong> ohne sich auf ein Reiseziel zu beschr\u00e4nken, k\u00f6nnen Sie mit uns jeden Winkel der Welt erkunden. <a href=\"https:\/\/hiking-tours.com\/\" target=\"_blank\" rel=\"noreferrer noopener\">Wandertouren<\/a>.<\/p>","protected":false},"excerpt":{"rendered":"<p>Ich habe meine Karriere im Tourismus mit Ende zwanzig als Reiseberaterin begonnen. Als 30-j\u00e4hriger Tourismusveteran zeichne ich mich durch meine einzigartigen Techniken und F\u00e4higkeiten in dieser Branche aus. Mit einer legalen Lizenz als Trekking-Guide von NATHAM (National Academy of Tourism and Hotel Management) habe ich mein Interesse in eine Leidenschaft verwandelt. Als Hochschulabsolvent ... <a href=\"https:\/\/laketrekgokyo.com\/de\/uber-uns\/\">Fortsetzung<\/a><\/p>","protected":false},"author":40,"featured_media":631,"parent":0,"menu_order":0,"comment_status":"closed","ping_status":"closed","template":"template-about-us.blade.php","meta":{"_acf_changed":false,"footnotes":""},"class_list":["post-39","page","type-page","status-publish","has-post-thumbnail","hentry"],"acf":{"page_subheading":"Experience the Gokyo Lake Trek and Everest Base Camp with our expert team, unlocking Nepal's stunning beauty and thrilling Himalayan adventure."},"_links":{"self":[{"href":"https:\/\/laketrekgokyo.com\/de\/wp-json\/wp\/v2\/pages\/39","targetHints":{"allow":["GET"]}}],"collection":[{"href":"https:\/\/laketrekgokyo.com\/de\/wp-json\/wp\/v2\/pages"}],"about":[{"href":"https:\/\/laketrekgokyo.com\/de\/wp-json\/wp\/v2\/types\/page"}],"author":[{"embeddable":true,"href":"https:\/\/laketrekgokyo.com\/de\/wp-json\/wp\/v2\/users\/40"}],"replies":[{"embeddable":true,"href":"https:\/\/laketrekgokyo.com\/de\/wp-json\/wp\/v2\/comments?post=39"}],"version-history":[{"count":17,"href":"https:\/\/laketrekgokyo.com\/de\/wp-json\/wp\/v2\/pages\/39\/revisions"}],"predecessor-version":[{"id":6411,"href":"https:\/\/laketrekgokyo.com\/de\/wp-json\/wp\/v2\/pages\/39\/revisions\/6411"}],"wp:featuredmedia":[{"embeddable":true,"href":"https:\/\/laketrekgokyo.com\/de\/wp-json\/wp\/v2\/media\/631"}],"wp:attachment":[{"href":"https:\/\/laketrekgokyo.com\/de\/wp-json\/wp\/v2\/media?parent=39"}],"curies":[{"name":"wp","href":"https:\/\/api.w.org\/{rel}","templated":true}]}}