{"id":39,"date":"2023-01-16T13:14:25","date_gmt":"2023-01-16T13:14:25","guid":{"rendered":"https:\/\/laketrekgokyo.com\/about-us\/"},"modified":"2024-12-06T12:08:05","modified_gmt":"2024-12-06T12:08:05","slug":"acerca-de-nosotros","status":"publish","type":"page","link":"https:\/\/laketrekgokyo.com\/es\/acerca-de-nosotros\/","title":{"rendered":"Qui\u00e9nes somos"},"content":{"rendered":"<p>Empec\u00e9 mi carrera tur\u00edstica a finales de los veinte como asesora de viajes. Como&nbsp;<strong>Veterano del turismo de 30 a\u00f1os<\/strong>Destaco por mis t\u00e9cnicas y habilidades \u00fanicas en el sector. En posesi\u00f3n de un&nbsp;<strong>licencia legal como gu\u00eda de senderismo&nbsp;<\/strong>de NATHAM (National Academy of Tourism and Hotel Management) ha convertido mi inter\u00e9s en pasi\u00f3n.<\/p>\n\n\n\n<figure class=\"wp-block-image size-large\"><img decoding=\"async\" src=\"https:\/\/laketrekgokyo.com\/wp-content\/uploads\/rear-view-of-tourist-while-trekking-to-everest-base-camp-in-nepal-stockpack-adobe-stock-1024x681.webp\" alt=\"Vista trasera de un turista durante el trekking al Campo Base del Everest en Nepal.\" class=\"wp-image-704\"\/><figcaption class=\"wp-element-caption\">Te esperan nuevos retos en la ruta de los lagos de Gokyo a EBC <\/figcaption><\/figure>\n\n\n\n<p>Como licenciada universitaria, he conseguido un \u00e9xito tras otro en poco tiempo en este sector. Soy un&nbsp;<strong>especialista en destinos tur\u00edsticos famosos de Nepal&nbsp;<\/strong>como la regi\u00f3n de los Annapurnas, la regi\u00f3n del Everest y otras regiones de trekking.<\/p>\n\n\n\n<p>Durante 17 d\u00edas, atravesar\u00e1 densos bosques, cruzar\u00e1 puentes colgantes sobre el r\u00edo Dudh Koshi, <strong>Explorar aldeas sherpas ricas en cultura<\/strong>y ascender a impresionantes miradores como <strong>Gokyo Ri<\/strong>. La serena turquesa<strong> Lagos de Gokyo<\/strong> y el bullicioso pueblo de tiendas de campa\u00f1a de <strong>Campo Base del Everest<\/strong> son s\u00f3lo algunos de los platos fuertes que le esperan.<\/p>\n\n\n\n<p>La ruta ofrece impresionantes panor\u00e1micas del Himalaya, incluidos los imponentes picos de <strong>Everest, Lhotse, Makalu y Cho Oyu<\/strong>y ofrece una visi\u00f3n \u00edntima de la cultura y las tradiciones de las comunidades sherpas que residen en la regi\u00f3n.<\/p>\n\n\n\n<figure class=\"wp-block-image size-large\"><img decoding=\"async\" src=\"https:\/\/laketrekgokyo.com\/wp-content\/uploads\/hiking-in-the-himalayas-on-top-of-cho-la-pass-stockpack-adobe-stock-1024x683.webp\" alt=\"Senderismo en el Himalaya, en la cima del Cho la Pass\" class=\"wp-image-636\"\/><figcaption class=\"wp-element-caption\">En el Himalaya todo es perfecto.<\/figcaption><\/figure>\n\n\n\n<p>Aunque el sendero atraviesa terrenos dif\u00edciles, como el <strong>Glaciar Ngozumpa <\/strong>y el puerto de alta monta\u00f1a de <strong>Cho La<\/strong>las recompensas son realmente extraordinarias. Desde la serena belleza de los lagos de Gokyo hasta la bulliciosa vida en el campo base del Everest, este trekking ofrece una experiencia incomparable que resuena entre los entusiastas de la aventura de todo el mundo.<\/p>\n\n\n\n<p>Guiado por <strong>nuestro equipo altamente experimentado<\/strong>Este trekking, dise\u00f1ado para ofrecer no s\u00f3lo seguridad y comodidad, sino tambi\u00e9n una experiencia aut\u00e9ntica e inolvidable en el Himalaya, cuenta con el apoyo de un equipo de expertos que conocen bien el terreno y la cultura locales.<\/p>\n\n\n\n<p>Echa un vistazo <a href=\"https:\/\/laketrekgokyo.com\/es\/\">nuestro itinerario detallado<\/a> y acomp\u00e1\u00f1enos en este camino inolvidable en el que cada paso es una nueva revelaci\u00f3n.<\/p>\n\n\n\n<p>Si busca m\u00e1s opciones de senderismo, eche un vistazo a nuestros socios:<\/p>\n\n\n\n<ul class=\"wp-block-list\">\n<li><a href=\"https:\/\/basecamptrekeverest.com\/\">Campo Base Trek Everest<\/a><\/li>\n\n\n\n<li><a href=\"https:\/\/basecamptrekannapurna.com\/\">Campo Base Trek Annapurna<\/a><\/li>\n\n\n\n<li><a href=\"https:\/\/circuittrekmanaslu.com\/\">Circuito Manaslu<\/a><\/li>\n<\/ul>\n\n\n\n<p>Sin embargo, si desea un <strong>una selecci\u00f3n m\u00e1s amplia de rutas de senderismo por todo el mundo<\/strong> sin limitarse a un solo destino, puede explorar todos los rincones del mundo con nosotros en <a href=\"https:\/\/hiking-tours.com\/\" target=\"_blank\" rel=\"noreferrer noopener\">Rutas de senderismo<\/a>.<\/p>","protected":false},"excerpt":{"rendered":"<p>Empec\u00e9 mi carrera en el sector tur\u00edstico a finales de la veintena como asesora de viajes. Como veterana del turismo de 30 a\u00f1os, destaco por mis t\u00e9cnicas y habilidades \u00fanicas en el sector. Poseo una licencia legal como gu\u00eda de senderismo por la NATHAM (Academia Nacional de Turismo y Hosteler\u00eda), lo que ha convertido mi inter\u00e9s en pasi\u00f3n. Como licenciada universitaria ... <a href=\"https:\/\/laketrekgokyo.com\/es\/acerca-de-nosotros\/\">Contin\u00faa en<\/a><\/p>","protected":false},"author":40,"featured_media":631,"parent":0,"menu_order":0,"comment_status":"closed","ping_status":"closed","template":"template-about-us.blade.php","meta":{"_acf_changed":false,"footnotes":""},"class_list":["post-39","page","type-page","status-publish","has-post-thumbnail","hentry"],"acf":{"page_subheading":"Experience the Gokyo Lake Trek and Everest Base Camp with our expert team, unlocking Nepal's stunning beauty and thrilling Himalayan adventure."},"_links":{"self":[{"href":"https:\/\/laketrekgokyo.com\/es\/wp-json\/wp\/v2\/pages\/39","targetHints":{"allow":["GET"]}}],"collection":[{"href":"https:\/\/laketrekgokyo.com\/es\/wp-json\/wp\/v2\/pages"}],"about":[{"href":"https:\/\/laketrekgokyo.com\/es\/wp-json\/wp\/v2\/types\/page"}],"author":[{"embeddable":true,"href":"https:\/\/laketrekgokyo.com\/es\/wp-json\/wp\/v2\/users\/40"}],"replies":[{"embeddable":true,"href":"https:\/\/laketrekgokyo.com\/es\/wp-json\/wp\/v2\/comments?post=39"}],"version-history":[{"count":17,"href":"https:\/\/laketrekgokyo.com\/es\/wp-json\/wp\/v2\/pages\/39\/revisions"}],"predecessor-version":[{"id":6411,"href":"https:\/\/laketrekgokyo.com\/es\/wp-json\/wp\/v2\/pages\/39\/revisions\/6411"}],"wp:featuredmedia":[{"embeddable":true,"href":"https:\/\/laketrekgokyo.com\/es\/wp-json\/wp\/v2\/media\/631"}],"wp:attachment":[{"href":"https:\/\/laketrekgokyo.com\/es\/wp-json\/wp\/v2\/media?parent=39"}],"curies":[{"name":"wp","href":"https:\/\/api.w.org\/{rel}","templated":true}]}}