{"id":39,"date":"2023-01-16T13:14:25","date_gmt":"2023-01-16T13:14:25","guid":{"rendered":"https:\/\/laketrekgokyo.com\/about-us\/"},"modified":"2024-12-06T12:08:05","modified_gmt":"2024-12-06T12:08:05","slug":"a-propos-de-nous","status":"publish","type":"page","link":"https:\/\/laketrekgokyo.com\/fr\/a-propos-de-nous\/","title":{"rendered":"\u00c0 propos de nous"},"content":{"rendered":"<p>J'ai commenc\u00e9 ma carri\u00e8re dans le tourisme \u00e0 la fin de la vingtaine en tant que conseill\u00e8re en voyages. En tant que&nbsp;<strong>30 ans, v\u00e9t\u00e9ran du tourisme<\/strong>Je me distingue par mes techniques et mes comp\u00e9tences uniques dans le secteur. Titulaire d'un&nbsp;<strong>licence l\u00e9gale de guide de randonn\u00e9e&nbsp;<\/strong>La formation dispens\u00e9e par NATHAM (National Academy of Tourism and Hotel Management) a transform\u00e9 mon int\u00e9r\u00eat en passion.<\/p>\n\n\n\n<figure class=\"wp-block-image size-large\"><img decoding=\"async\" src=\"https:\/\/laketrekgokyo.com\/wp-content\/uploads\/rear-view-of-tourist-while-trekking-to-everest-base-camp-in-nepal-stockpack-adobe-stock-1024x681.webp\" alt=\"Vue arri\u00e8re d&#039;un touriste lors d&#039;un trekking au camp de base de l&#039;Everest au N\u00e9pal.\" class=\"wp-image-704\"\/><figcaption class=\"wp-element-caption\">De nouveaux d\u00e9fis vous attendent lors du trek des lacs Gokyo \u00e0 l'EBC. <\/figcaption><\/figure>\n\n\n\n<p>Titulaire d'un dipl\u00f4me universitaire, j'ai encha\u00een\u00e9 les succ\u00e8s en peu de temps dans ce secteur. Je suis un&nbsp;<strong>sp\u00e9cialiste des destinations touristiques c\u00e9l\u00e8bres au N\u00e9pal&nbsp;<\/strong>comme la r\u00e9gion des Annapurnas, la r\u00e9gion de l'Everest et d'autres r\u00e9gions de trekking.<\/p>\n\n\n\n<p>Pendant 17 jours, vous traverserez des for\u00eats denses et des ponts suspendus au-dessus de la rivi\u00e8re Dudh Koshi, <strong>explorer les villages sherpas riches en culture<\/strong>et monter jusqu'\u00e0 des points de vue \u00e9poustouflants tels que <strong>Gokyo Ri<\/strong>. La s\u00e9r\u00e9nit\u00e9 de l'eau turquoise<strong> Lacs Gokyo<\/strong> et le village de tentes anim\u00e9 de <strong>Camp de base de l'Everest<\/strong> ne sont que quelques-uns des points forts qui vous attendent.<\/p>\n\n\n\n<p>Le trekking offre des panoramas \u00e9poustouflants de l'Himalaya, y compris les sommets imposants de <strong>Everest, Lhotse, Makalu et Cho Oyu<\/strong>Il offre un aper\u00e7u intime de la culture et des traditions des communaut\u00e9s sherpas r\u00e9sidant dans la r\u00e9gion.<\/p>\n\n\n\n<figure class=\"wp-block-image size-large\"><img decoding=\"async\" src=\"https:\/\/laketrekgokyo.com\/wp-content\/uploads\/hiking-in-the-himalayas-on-top-of-cho-la-pass-stockpack-adobe-stock-1024x683.webp\" alt=\"Randonn\u00e9e dans l&#039;Himalaya, au sommet du col de Cho la\" class=\"wp-image-636\"\/><figcaption class=\"wp-element-caption\">Dans l'Himalaya, tout est parfait.<\/figcaption><\/figure>\n\n\n\n<p>Bien que le sentier traverse des terrains difficiles, tels que le <strong>Glacier de Ngozumpa <\/strong>et le col de haute montagne de <strong>Cho La<\/strong>Mais les r\u00e9compenses sont vraiment extraordinaires. De la beaut\u00e9 sereine des lacs Gokyo \u00e0 la vie tr\u00e9pidante du camp de base de l'Everest, ce trek offre une exp\u00e9rience in\u00e9gal\u00e9e qui trouve un \u00e9cho aupr\u00e8s des amateurs d'aventure du monde entier.<\/p>\n\n\n\n<p>Guid\u00e9e par <strong>notre \u00e9quipe tr\u00e8s exp\u00e9riment\u00e9e<\/strong>Ce trek est con\u00e7u pour offrir non seulement s\u00e9curit\u00e9 et confort, mais aussi une exp\u00e9rience authentique et inoubliable de l'Himalaya.<\/p>\n\n\n\n<p>V\u00e9rifier <a href=\"https:\/\/laketrekgokyo.com\/fr\/\">notre itin\u00e9raire d\u00e9taill\u00e9<\/a> et rejoignez-nous sur ce chemin inoubliable o\u00f9 chaque pas est une nouvelle r\u00e9v\u00e9lation.<\/p>\n\n\n\n<p>Si vous cherchez d'autres options de trekking, jetez un coup d'\u0153il \u00e0 nos partenaires :<\/p>\n\n\n\n<ul class=\"wp-block-list\">\n<li><a href=\"https:\/\/basecamptrekeverest.com\/\">Trek du camp de base de l'Everest<\/a><\/li>\n\n\n\n<li><a href=\"https:\/\/basecamptrekannapurna.com\/\">Trek du camp de base de l'Annapurna<\/a><\/li>\n\n\n\n<li><a href=\"https:\/\/circuittrekmanaslu.com\/\">Circuit Trek Manaslu<\/a><\/li>\n<\/ul>\n\n\n\n<p>Toutefois, si vous souhaitez un <strong>une plus grande s\u00e9lection de circuits de randonn\u00e9e dans le monde entier<\/strong> sans vous limiter \u00e0 une seule destination, vous pouvez explorer tous les coins du monde avec nous \u00e0 <a href=\"https:\/\/hiking-tours.com\/\" target=\"_blank\" rel=\"noreferrer noopener\">Randonn\u00e9es p\u00e9destres<\/a>.<\/p>","protected":false},"excerpt":{"rendered":"<p>J'ai commenc\u00e9 ma carri\u00e8re dans le tourisme \u00e0 la fin de la vingtaine, en tant que conseill\u00e8re en voyages. En tant que v\u00e9t\u00e9ran du tourisme \u00e2g\u00e9 de 30 ans, je me distingue par mes techniques et mes comp\u00e9tences uniques dans le secteur. La licence l\u00e9gale de guide de randonn\u00e9e que j'ai obtenue aupr\u00e8s de NATHAM (National Academy of Tourism and Hotel Management) a transform\u00e9 mon int\u00e9r\u00eat en passion. En tant que titulaire d'un dipl\u00f4me universitaire ... <a href=\"https:\/\/laketrekgokyo.com\/fr\/a-propos-de-nous\/\">Suite<\/a><\/p>","protected":false},"author":40,"featured_media":631,"parent":0,"menu_order":0,"comment_status":"closed","ping_status":"closed","template":"template-about-us.blade.php","meta":{"_acf_changed":false,"footnotes":""},"class_list":["post-39","page","type-page","status-publish","has-post-thumbnail","hentry"],"acf":{"page_subheading":"Experience the Gokyo Lake Trek and Everest Base Camp with our expert team, unlocking Nepal's stunning beauty and thrilling Himalayan adventure."},"_links":{"self":[{"href":"https:\/\/laketrekgokyo.com\/fr\/wp-json\/wp\/v2\/pages\/39","targetHints":{"allow":["GET"]}}],"collection":[{"href":"https:\/\/laketrekgokyo.com\/fr\/wp-json\/wp\/v2\/pages"}],"about":[{"href":"https:\/\/laketrekgokyo.com\/fr\/wp-json\/wp\/v2\/types\/page"}],"author":[{"embeddable":true,"href":"https:\/\/laketrekgokyo.com\/fr\/wp-json\/wp\/v2\/users\/40"}],"replies":[{"embeddable":true,"href":"https:\/\/laketrekgokyo.com\/fr\/wp-json\/wp\/v2\/comments?post=39"}],"version-history":[{"count":17,"href":"https:\/\/laketrekgokyo.com\/fr\/wp-json\/wp\/v2\/pages\/39\/revisions"}],"predecessor-version":[{"id":6411,"href":"https:\/\/laketrekgokyo.com\/fr\/wp-json\/wp\/v2\/pages\/39\/revisions\/6411"}],"wp:featuredmedia":[{"embeddable":true,"href":"https:\/\/laketrekgokyo.com\/fr\/wp-json\/wp\/v2\/media\/631"}],"wp:attachment":[{"href":"https:\/\/laketrekgokyo.com\/fr\/wp-json\/wp\/v2\/media?parent=39"}],"curies":[{"name":"wp","href":"https:\/\/api.w.org\/{rel}","templated":true}]}}